{"id":4431,"date":"2025-03-26T14:52:30","date_gmt":"2025-03-26T14:52:30","guid":{"rendered":"https:\/\/test.lapineta.ee\/esileht\/"},"modified":"2026-01-09T13:33:03","modified_gmt":"2026-01-09T13:33:03","slug":"esileht","status":"publish","type":"page","link":"https:\/\/test.lapineta.ee\/en\/","title":{"rendered":"Home"},"content":{"rendered":"\t\t<div data-elementor-type=\"wp-page\" data-elementor-id=\"4431\" class=\"elementor elementor-4431 elementor-4422\" data-elementor-post-type=\"page\">\n\t\t\t\t\t\t<section class=\"elementor-section elementor-top-section elementor-element elementor-element-67306f8d elementor-section-boxed elementor-section-height-default elementor-section-height-default\" data-id=\"67306f8d\" data-element_type=\"section\" data-e-type=\"section\">\n\t\t\t\t\t\t<div class=\"elementor-container elementor-column-gap-default\">\n\t\t\t\t\t<div class=\"elementor-column elementor-col-100 elementor-top-column elementor-element elementor-element-d98bcbd\" data-id=\"d98bcbd\" data-element_type=\"column\" data-e-type=\"column\">\n\t\t\t<div class=\"elementor-widget-wrap elementor-element-populated\">\n\t\t\t\t\t\t<div class=\"elementor-element elementor-element-95c943a elementor-widget elementor-widget-text-editor\" data-id=\"95c943a\" data-element_type=\"widget\" data-e-type=\"widget\" data-widget_type=\"text-editor.default\">\n\t\t\t\t<div class=\"elementor-widget-container\">\n\t\t\t\t\t\t\t\t\t<a href=\"https:\/\/test.lapineta.ee\/en\/menuu\/\" >Menu<\/a>\t\t\t\t\t\t\t\t<\/div>\n\t\t\t\t<\/div>\n\t\t\t\t<div class=\"elementor-element elementor-element-4b935f8f elementor-widget elementor-widget-text-editor\" data-id=\"4b935f8f\" data-element_type=\"widget\" data-e-type=\"widget\" data-widget_type=\"text-editor.default\">\n\t\t\t\t<div class=\"elementor-widget-container\">\n\t\t\t\t\t\t\t\t\t<a href=\"https:\/\/test.lapineta.ee\/en\/brunch\/\" > Brunch<\/a>\t\t\t\t\t\t\t\t<\/div>\n\t\t\t\t<\/div>\n\t\t\t\t<div class=\"elementor-element elementor-element-7db4170 elementor-widget elementor-widget-text-editor\" data-id=\"7db4170\" data-element_type=\"widget\" data-e-type=\"widget\" data-widget_type=\"text-editor.default\">\n\t\t\t\t<div class=\"elementor-widget-container\">\n\t\t\t\t\t\t\t\t\t<p><a href=\"https:\/\/test.lapineta.ee\/en\/louna\/\">Lunch<\/a><\/p>\t\t\t\t\t\t\t\t<\/div>\n\t\t\t\t<\/div>\n\t\t\t\t<div class=\"elementor-element elementor-element-d1342d5 elementor-widget elementor-widget-text-editor\" data-id=\"d1342d5\" data-element_type=\"widget\" data-e-type=\"widget\" data-widget_type=\"text-editor.default\">\n\t\t\t\t<div class=\"elementor-widget-container\">\n\t\t\t\t\t\t\t\t\t<a href=\"https:\/\/test.lapineta.ee\/en\/joogid\/\" > Drinks<\/a>\t\t\t\t\t\t\t\t<\/div>\n\t\t\t\t<\/div>\n\t\t\t\t<div class=\"elementor-element elementor-element-1bbfa3e2 elementor-widget elementor-widget-text-editor\" data-id=\"1bbfa3e2\" data-element_type=\"widget\" data-e-type=\"widget\" data-widget_type=\"text-editor.default\">\n\t\t\t\t<div class=\"elementor-widget-container\">\n\t\t\t\t\t\t\t\t\t<a href=\"https:\/\/test.lapineta.ee\/en\/vein\/\" > Wine list<\/a>\t\t\t\t\t\t\t\t<\/div>\n\t\t\t\t<\/div>\n\t\t\t\t<div class=\"elementor-element elementor-element-7e35094b elementor-widget elementor-widget-text-editor\" data-id=\"7e35094b\" data-element_type=\"widget\" data-e-type=\"widget\" data-widget_type=\"text-editor.default\">\n\t\t\t\t<div class=\"elementor-widget-container\">\n\t\t\t\t\t\t\t\t\t<a href=\"https:\/\/v2.tableonline.fi\/instabook\/bookings\/kaeFdtR?locale=en\" target=\"_blank\" rel=\"noopener\">Book a table<\/a>\t\t\t\t\t\t\t\t<\/div>\n\t\t\t\t<\/div>\n\t\t\t\t\t<\/div>\n\t\t<\/div>\n\t\t\t\t\t<\/div>\n\t\t<\/section>\n\t\t\t\t<section class=\"elementor-section elementor-top-section elementor-element elementor-element-5b6e46ac elementor-section-boxed elementor-section-height-default elementor-section-height-default\" data-id=\"5b6e46ac\" data-element_type=\"section\" data-e-type=\"section\">\n\t\t\t\t\t\t<div class=\"elementor-container elementor-column-gap-default\">\n\t\t\t\t\t<div class=\"elementor-column elementor-col-100 elementor-top-column elementor-element elementor-element-73d477da\" data-id=\"73d477da\" data-element_type=\"column\" data-e-type=\"column\">\n\t\t\t<div class=\"elementor-widget-wrap elementor-element-populated\">\n\t\t\t\t\t\t<div class=\"elementor-element elementor-element-1d027c8 elementor-widget elementor-widget-text-editor\" data-id=\"1d027c8\" data-element_type=\"widget\" data-e-type=\"widget\" data-widget_type=\"text-editor.default\">\n\t\t\t\t<div class=\"elementor-widget-container\">\n\t\t\t\t\t\t\t\t\t<table style=\"margin: 0 auto; width: 200px;\"><tbody><tr><td style=\"text-align: left; padding-left: 10px;\">Mn-Thu<\/td><td style=\"text-align: left;\">12-22<\/td><\/tr><tr><td style=\"text-align: left; padding-left: 10px;\">Fr<\/td><td style=\"text-align: left;\">12-23<\/td><\/tr><tr><td style=\"text-align: left; padding-left: 10px;\">Sat<\/td><td style=\"text-align: left;\">11-23<\/td><\/tr><tr><td style=\"text-align: left; padding-left: 10px;\">Sun<\/td><td style=\"text-align: left;\">11-21<\/td><\/tr><\/tbody><\/table>\t\t\t\t\t\t\t\t<\/div>\n\t\t\t\t<\/div>\n\t\t\t\t<div class=\"elementor-element elementor-element-b078d6d elementor-widget elementor-widget-video\" data-id=\"b078d6d\" data-element_type=\"widget\" data-e-type=\"widget\" data-settings=\"{&quot;youtube_url&quot;:&quot;https:\\\/\\\/www.youtube.com\\\/watch?v=f1aU7DdySSI&quot;,&quot;video_type&quot;:&quot;youtube&quot;,&quot;controls&quot;:&quot;yes&quot;}\" data-widget_type=\"video.default\">\n\t\t\t\t<div class=\"elementor-widget-container\">\n\t\t\t\t\t\t\t<div class=\"elementor-wrapper elementor-open-inline\">\n\t\t\t<div class=\"elementor-video\"><\/div>\t\t<\/div>\n\t\t\t\t\t\t<\/div>\n\t\t\t\t<\/div>\n\t\t\t\t\t<\/div>\n\t\t<\/div>\n\t\t\t\t\t<\/div>\n\t\t<\/section>\n\t\t\t\t<section class=\"elementor-section elementor-top-section elementor-element elementor-element-384e0993 elementor-section-boxed elementor-section-height-default elementor-section-height-default\" data-id=\"384e0993\" data-element_type=\"section\" data-e-type=\"section\">\n\t\t\t\t\t\t<div class=\"elementor-container elementor-column-gap-default\">\n\t\t\t\t\t<div class=\"elementor-column elementor-col-100 elementor-top-column elementor-element elementor-element-18b8d8bc\" data-id=\"18b8d8bc\" data-element_type=\"column\" data-e-type=\"column\">\n\t\t\t<div class=\"elementor-widget-wrap elementor-element-populated\">\n\t\t\t\t\t\t<div class=\"elementor-element elementor-element-667a2ff1 elementor-shape-circle elementor-grid-0 e-grid-align-center elementor-widget elementor-widget-social-icons\" data-id=\"667a2ff1\" data-element_type=\"widget\" data-e-type=\"widget\" data-widget_type=\"social-icons.default\">\n\t\t\t\t<div class=\"elementor-widget-container\">\n\t\t\t\t\t\t\t<div class=\"elementor-social-icons-wrapper elementor-grid\" role=\"list\">\n\t\t\t\t\t\t\t<span class=\"elementor-grid-item\" role=\"listitem\">\n\t\t\t\t\t<a class=\"elementor-icon elementor-social-icon elementor-social-icon-phone elementor-repeater-item-5b745d9\" href=\"tel:+37253004550\" target=\"_blank\">\n\t\t\t\t\t\t<span class=\"elementor-screen-only\">Phone<\/span>\n\t\t\t\t\t\t<svg aria-hidden=\"true\" class=\"e-font-icon-svg e-fas-phone\" viewBox=\"0 0 512 512\" xmlns=\"http:\/\/www.w3.org\/2000\/svg\"><path d=\"M493.4 24.6l-104-24c-11.3-2.6-22.9 3.3-27.5 13.9l-48 112c-4.2 9.8-1.4 21.3 6.9 28l60.6 49.6c-36 76.7-98.9 140.5-177.2 177.2l-49.6-60.6c-6.8-8.3-18.2-11.1-28-6.9l-112 48C3.9 366.5-2 378.1.6 389.4l24 104C27.1 504.2 36.7 512 48 512c256.1 0 464-207.5 464-464 0-11.2-7.7-20.9-18.6-23.4z\"><\/path><\/svg>\t\t\t\t\t<\/a>\n\t\t\t\t<\/span>\n\t\t\t\t\t\t\t<span class=\"elementor-grid-item\" role=\"listitem\">\n\t\t\t\t\t<a class=\"elementor-icon elementor-social-icon elementor-social-icon-envelope elementor-repeater-item-5a599ee\" href=\"mailto:info@lapineta.ee\" target=\"_blank\">\n\t\t\t\t\t\t<span class=\"elementor-screen-only\">Envelope<\/span>\n\t\t\t\t\t\t<svg aria-hidden=\"true\" class=\"e-font-icon-svg e-fas-envelope\" viewBox=\"0 0 512 512\" xmlns=\"http:\/\/www.w3.org\/2000\/svg\"><path d=\"M502.3 190.8c3.9-3.1 9.7-.2 9.7 4.7V400c0 26.5-21.5 48-48 48H48c-26.5 0-48-21.5-48-48V195.6c0-5 5.7-7.8 9.7-4.7 22.4 17.4 52.1 39.5 154.1 113.6 21.1 15.4 56.7 47.8 92.2 47.6 35.7.3 72-32.8 92.3-47.6 102-74.1 131.6-96.3 154-113.7zM256 320c23.2.4 56.6-29.2 73.4-41.4 132.7-96.3 142.8-104.7 173.4-128.7 5.8-4.5 9.2-11.5 9.2-18.9v-19c0-26.5-21.5-48-48-48H48C21.5 64 0 85.5 0 112v19c0 7.4 3.4 14.3 9.2 18.9 30.6 23.9 40.7 32.4 173.4 128.7 16.8 12.2 50.2 41.8 73.4 41.4z\"><\/path><\/svg>\t\t\t\t\t<\/a>\n\t\t\t\t<\/span>\n\t\t\t\t\t\t\t<span class=\"elementor-grid-item\" role=\"listitem\">\n\t\t\t\t\t<a class=\"elementor-icon elementor-social-icon elementor-social-icon-map-marker-alt elementor-repeater-item-7d17aba\" href=\"https:\/\/www.google.com\/maps\/place\/\/data=!4m2!3m1!1s0x469293b69bcdb65d:0x5850d19d77ef2286?sa=X&#038;ved=1t:8290&#038;hl=ru&#038;ictx=111\" target=\"_blank\">\n\t\t\t\t\t\t<span class=\"elementor-screen-only\">Map-marker-alt<\/span>\n\t\t\t\t\t\t<svg aria-hidden=\"true\" class=\"e-font-icon-svg e-fas-map-marker-alt\" viewBox=\"0 0 384 512\" xmlns=\"http:\/\/www.w3.org\/2000\/svg\"><path d=\"M172.268 501.67C26.97 291.031 0 269.413 0 192 0 85.961 85.961 0 192 0s192 85.961 192 192c0 77.413-26.97 99.031-172.268 309.67-9.535 13.774-29.93 13.773-39.464 0zM192 272c44.183 0 80-35.817 80-80s-35.817-80-80-80-80 35.817-80 80 35.817 80 80 80z\"><\/path><\/svg>\t\t\t\t\t<\/a>\n\t\t\t\t<\/span>\n\t\t\t\t\t\t\t<span class=\"elementor-grid-item\" role=\"listitem\">\n\t\t\t\t\t<a class=\"elementor-icon elementor-social-icon elementor-social-icon-instagram elementor-repeater-item-b92dac5\" href=\"https:\/\/www.instagram.com\/lapinetarestoran\/\" target=\"_blank\">\n\t\t\t\t\t\t<span class=\"elementor-screen-only\">Instagram<\/span>\n\t\t\t\t\t\t<svg aria-hidden=\"true\" class=\"e-font-icon-svg e-fab-instagram\" viewBox=\"0 0 448 512\" xmlns=\"http:\/\/www.w3.org\/2000\/svg\"><path d=\"M224.1 141c-63.6 0-114.9 51.3-114.9 114.9s51.3 114.9 114.9 114.9S339 319.5 339 255.9 287.7 141 224.1 141zm0 189.6c-41.1 0-74.7-33.5-74.7-74.7s33.5-74.7 74.7-74.7 74.7 33.5 74.7 74.7-33.6 74.7-74.7 74.7zm146.4-194.3c0 14.9-12 26.8-26.8 26.8-14.9 0-26.8-12-26.8-26.8s12-26.8 26.8-26.8 26.8 12 26.8 26.8zm76.1 27.2c-1.7-35.9-9.9-67.7-36.2-93.9-26.2-26.2-58-34.4-93.9-36.2-37-2.1-147.9-2.1-184.9 0-35.8 1.7-67.6 9.9-93.9 36.1s-34.4 58-36.2 93.9c-2.1 37-2.1 147.9 0 184.9 1.7 35.9 9.9 67.7 36.2 93.9s58 34.4 93.9 36.2c37 2.1 147.9 2.1 184.9 0 35.9-1.7 67.7-9.9 93.9-36.2 26.2-26.2 34.4-58 36.2-93.9 2.1-37 2.1-147.8 0-184.8zM398.8 388c-7.8 19.6-22.9 34.7-42.6 42.6-29.5 11.7-99.5 9-132.1 9s-102.7 2.6-132.1-9c-19.6-7.8-34.7-22.9-42.6-42.6-11.7-29.5-9-99.5-9-132.1s-2.6-102.7 9-132.1c7.8-19.6 22.9-34.7 42.6-42.6 29.5-11.7 99.5-9 132.1-9s102.7-2.6 132.1 9c19.6 7.8 34.7 22.9 42.6 42.6 11.7 29.5 9 99.5 9 132.1s2.7 102.7-9 132.1z\"><\/path><\/svg>\t\t\t\t\t<\/a>\n\t\t\t\t<\/span>\n\t\t\t\t\t\t\t<span class=\"elementor-grid-item\" role=\"listitem\">\n\t\t\t\t\t<a class=\"elementor-icon elementor-social-icon elementor-social-icon-facebook-f elementor-repeater-item-f981ae2\" href=\"https:\/\/www.facebook.com\/LaPinetaRestoran\/\" target=\"_blank\">\n\t\t\t\t\t\t<span class=\"elementor-screen-only\">Facebook-f<\/span>\n\t\t\t\t\t\t<svg aria-hidden=\"true\" class=\"e-font-icon-svg e-fab-facebook-f\" viewBox=\"0 0 320 512\" xmlns=\"http:\/\/www.w3.org\/2000\/svg\"><path d=\"M279.14 288l14.22-92.66h-88.91v-60.13c0-25.35 12.42-50.06 52.24-50.06h40.42V6.26S260.43 0 225.36 0c-73.22 0-121.08 44.38-121.08 124.72v70.62H22.89V288h81.39v224h100.17V288z\"><\/path><\/svg>\t\t\t\t\t<\/a>\n\t\t\t\t<\/span>\n\t\t\t\t\t<\/div>\n\t\t\t\t\t\t<\/div>\n\t\t\t\t<\/div>\n\t\t\t\t\t<\/div>\n\t\t<\/div>\n\t\t\t\t\t<\/div>\n\t\t<\/section>\n\t\t\t\t<\/div>\n\t\t","protected":false},"excerpt":{"rendered":"<p>Menu Brunch Lunch Drinks Wine listBook a table Mn-Thu 12-22 Fr 12-23 Sat 11-23 Sun 11-21 https:\/\/www.youtube.com\/watch?v=f1aU7DdySSI Phone Envelope Map-marker-alt Instagram Facebook-f<\/p>\n","protected":false},"author":6,"featured_media":0,"parent":0,"menu_order":0,"comment_status":"closed","ping_status":"closed","template":"","meta":{"site-sidebar-layout":"no-sidebar","site-content-layout":"page-builder","ast-site-content-layout":"","site-content-style":"default","site-sidebar-style":"default","ast-global-header-display":"","ast-banner-title-visibility":"","ast-main-header-display":"","ast-hfb-above-header-display":"","ast-hfb-below-header-display":"","ast-hfb-mobile-header-display":"","site-post-title":"disabled","ast-breadcrumbs-content":"","ast-featured-img":"disabled","footer-sml-layout":"","theme-transparent-header-meta":"default","adv-header-id-meta":"","stick-header-meta":"","header-above-stick-meta":"","header-main-stick-meta":"","header-below-stick-meta":"","astra-migrate-meta-layouts":"set","ast-page-background-enabled":"default","ast-page-background-meta":{"desktop":{"background-color":"var(--ast-global-color-4)","background-image":"","background-repeat":"repeat","background-position":"center center","background-size":"auto","background-attachment":"scroll","background-type":"","background-media":"","overlay-type":"","overlay-color":"","overlay-opacity":"","overlay-gradient":""},"tablet":{"background-color":"","background-image":"","background-repeat":"repeat","background-position":"center center","background-size":"auto","background-attachment":"scroll","background-type":"","background-media":"","overlay-type":"","overlay-color":"","overlay-opacity":"","overlay-gradient":""},"mobile":{"background-color":"","background-image":"","background-repeat":"repeat","background-position":"center center","background-size":"auto","background-attachment":"scroll","background-type":"","background-media":"","overlay-type":"","overlay-color":"","overlay-opacity":"","overlay-gradient":""}},"ast-content-background-meta":{"desktop":{"background-color":"var(--ast-global-color-5)","background-image":"","background-repeat":"repeat","background-position":"center center","background-size":"auto","background-attachment":"scroll","background-type":"","background-media":"","overlay-type":"","overlay-color":"","overlay-opacity":"","overlay-gradient":""},"tablet":{"background-color":"var(--ast-global-color-5)","background-image":"","background-repeat":"repeat","background-position":"center center","background-size":"auto","background-attachment":"scroll","background-type":"","background-media":"","overlay-type":"","overlay-color":"","overlay-opacity":"","overlay-gradient":""},"mobile":{"background-color":"var(--ast-global-color-5)","background-image":"","background-repeat":"repeat","background-position":"center center","background-size":"auto","background-attachment":"scroll","background-type":"","background-media":"","overlay-type":"","overlay-color":"","overlay-opacity":"","overlay-gradient":""}},"footnotes":""},"class_list":["post-4431","page","type-page","status-publish","hentry"],"yoast_head":"<!-- This site is optimized with the Yoast SEO plugin v26.0 - https:\/\/yoast.com\/wordpress\/plugins\/seo\/ -->\n<title>Italian Restaurant La Pineta in Tallinn - Authentic Italian Taste<\/title>\n<meta name=\"description\" content=\"Welcome to La Pineta restaurant in Tallinn - authentic Italian cuisine, fresh ingredients and a cosy atmosphere. Book a table today!\" \/>\n<meta name=\"robots\" content=\"noindex, follow, max-snippet:-1, max-image-preview:large, max-video-preview:-1\" \/>\n<meta property=\"og:locale\" content=\"en_US\" \/>\n<meta property=\"og:type\" content=\"article\" \/>\n<meta property=\"og:title\" content=\"Itaalia restoran La Pineta Tallinnas \u2013 autentne maitseelamus\" \/>\n<meta property=\"og:description\" content=\"Tere tulemast La Pineta restorani Tallinnas \u2013 ehtne Itaalia k\u00f6\u00f6k, v\u00e4rsked koostisosad ja hubane atmosf\u00e4\u00e4r. Broneeri laud juba t\u00e4na!\" \/>\n<meta property=\"og:url\" content=\"https:\/\/test.lapineta.ee\/\" \/>\n<meta property=\"og:site_name\" content=\"La Pineta\" \/>\n<meta property=\"article:modified_time\" content=\"2026-01-09T13:33:03+00:00\" \/>\n<meta property=\"og:image\" content=\"https:\/\/test.lapineta.ee\/wp-content\/uploads\/2025\/02\/LaPineta-Banner_1.03_est.jpg\" \/>\n\t<meta property=\"og:image:width\" content=\"1200\" \/>\n\t<meta property=\"og:image:height\" content=\"795\" \/>\n\t<meta property=\"og:image:type\" content=\"image\/jpeg\" \/>\n<meta name=\"twitter:card\" content=\"summary_large_image\" \/>\n<meta name=\"twitter:title\" content=\"Itaalia restoran La Pineta Tallinnas \u2013 autentne maitseelamus\" \/>\n<meta name=\"twitter:description\" content=\"Tere tulemast La Pineta restorani Tallinnas \u2013 ehtne Itaalia k\u00f6\u00f6k, v\u00e4rsked koostisosad ja hubane atmosf\u00e4\u00e4r. Broneeri laud juba t\u00e4na!\" \/>\n<meta name=\"twitter:image\" content=\"https:\/\/test.lapineta.ee\/wp-content\/uploads\/2025\/02\/LaPineta-Banner_1.03_est.jpg\" \/>\n<meta name=\"twitter:label1\" content=\"Est. reading time\" \/>\n\t<meta name=\"twitter:data1\" content=\"1 minute\" \/>\n<script type=\"application\/ld+json\" class=\"yoast-schema-graph\">{\"@context\":\"https:\/\/schema.org\",\"@graph\":[{\"@type\":\"WebPage\",\"@id\":\"https:\/\/test.lapineta.ee\/\",\"url\":\"https:\/\/test.lapineta.ee\/\",\"name\":\"Italian Restaurant La Pineta in Tallinn - Authentic Italian Taste\",\"isPartOf\":{\"@id\":\"https:\/\/test.lapineta.ee\/#website\"},\"datePublished\":\"2025-03-26T14:52:30+00:00\",\"dateModified\":\"2026-01-09T13:33:03+00:00\",\"description\":\"Welcome to La Pineta restaurant in Tallinn - authentic Italian cuisine, fresh ingredients and a cosy atmosphere. Book a table today!\",\"breadcrumb\":{\"@id\":\"https:\/\/test.lapineta.ee\/#breadcrumb\"},\"inLanguage\":\"en-US\",\"potentialAction\":[{\"@type\":\"ReadAction\",\"target\":[\"https:\/\/test.lapineta.ee\/\"]}]},{\"@type\":\"BreadcrumbList\",\"@id\":\"https:\/\/test.lapineta.ee\/#breadcrumb\",\"itemListElement\":[{\"@type\":\"ListItem\",\"position\":1,\"name\":\"Home\",\"item\":\"https:\/\/test.lapineta.ee\/\"},{\"@type\":\"ListItem\",\"position\":2,\"name\":\"Home\"}]},{\"@type\":\"WebSite\",\"@id\":\"https:\/\/test.lapineta.ee\/#website\",\"url\":\"https:\/\/test.lapineta.ee\/\",\"name\":\"La Pineta\",\"description\":\"Restoran\",\"publisher\":{\"@id\":\"https:\/\/test.lapineta.ee\/#organization\"},\"potentialAction\":[{\"@type\":\"SearchAction\",\"target\":{\"@type\":\"EntryPoint\",\"urlTemplate\":\"https:\/\/test.lapineta.ee\/?s={search_term_string}\"},\"query-input\":{\"@type\":\"PropertyValueSpecification\",\"valueRequired\":true,\"valueName\":\"search_term_string\"}}],\"inLanguage\":\"en-US\"},{\"@type\":\"Organization\",\"@id\":\"https:\/\/test.lapineta.ee\/#organization\",\"name\":\"La Pineta\",\"url\":\"https:\/\/test.lapineta.ee\/\",\"logo\":{\"@type\":\"ImageObject\",\"inLanguage\":\"en-US\",\"@id\":\"https:\/\/test.lapineta.ee\/#\/schema\/logo\/image\/\",\"url\":\"https:\/\/test.lapineta.ee\/wp-content\/uploads\/2022\/02\/logo_lapineta.png\",\"contentUrl\":\"https:\/\/test.lapineta.ee\/wp-content\/uploads\/2022\/02\/logo_lapineta.png\",\"width\":427,\"height\":89,\"caption\":\"La Pineta\"},\"image\":{\"@id\":\"https:\/\/test.lapineta.ee\/#\/schema\/logo\/image\/\"}}]}<\/script>\n<!-- \/ Yoast SEO plugin. -->","yoast_head_json":{"title":"Italian Restaurant La Pineta in Tallinn - Authentic Italian Taste","description":"Welcome to La Pineta restaurant in Tallinn - authentic Italian cuisine, fresh ingredients and a cosy atmosphere. Book a table today!","robots":{"index":"noindex","follow":"follow","max-snippet":"max-snippet:-1","max-image-preview":"max-image-preview:large","max-video-preview":"max-video-preview:-1"},"og_locale":"en_US","og_type":"article","og_title":"Itaalia restoran La Pineta Tallinnas \u2013 autentne maitseelamus","og_description":"Tere tulemast La Pineta restorani Tallinnas \u2013 ehtne Itaalia k\u00f6\u00f6k, v\u00e4rsked koostisosad ja hubane atmosf\u00e4\u00e4r. Broneeri laud juba t\u00e4na!","og_url":"https:\/\/test.lapineta.ee\/","og_site_name":"La Pineta","article_modified_time":"2026-01-09T13:33:03+00:00","og_image":[{"width":1200,"height":795,"url":"https:\/\/test.lapineta.ee\/wp-content\/uploads\/2025\/02\/LaPineta-Banner_1.03_est.jpg","type":"image\/jpeg"}],"twitter_card":"summary_large_image","twitter_title":"Itaalia restoran La Pineta Tallinnas \u2013 autentne maitseelamus","twitter_description":"Tere tulemast La Pineta restorani Tallinnas \u2013 ehtne Itaalia k\u00f6\u00f6k, v\u00e4rsked koostisosad ja hubane atmosf\u00e4\u00e4r. Broneeri laud juba t\u00e4na!","twitter_image":"https:\/\/test.lapineta.ee\/wp-content\/uploads\/2025\/02\/LaPineta-Banner_1.03_est.jpg","twitter_misc":{"Est. reading time":"1 minute"},"schema":{"@context":"https:\/\/schema.org","@graph":[{"@type":"WebPage","@id":"https:\/\/test.lapineta.ee\/","url":"https:\/\/test.lapineta.ee\/","name":"Italian Restaurant La Pineta in Tallinn - Authentic Italian Taste","isPartOf":{"@id":"https:\/\/test.lapineta.ee\/#website"},"datePublished":"2025-03-26T14:52:30+00:00","dateModified":"2026-01-09T13:33:03+00:00","description":"Welcome to La Pineta restaurant in Tallinn - authentic Italian cuisine, fresh ingredients and a cosy atmosphere. Book a table today!","breadcrumb":{"@id":"https:\/\/test.lapineta.ee\/#breadcrumb"},"inLanguage":"en-US","potentialAction":[{"@type":"ReadAction","target":["https:\/\/test.lapineta.ee\/"]}]},{"@type":"BreadcrumbList","@id":"https:\/\/test.lapineta.ee\/#breadcrumb","itemListElement":[{"@type":"ListItem","position":1,"name":"Home","item":"https:\/\/test.lapineta.ee\/"},{"@type":"ListItem","position":2,"name":"Home"}]},{"@type":"WebSite","@id":"https:\/\/test.lapineta.ee\/#website","url":"https:\/\/test.lapineta.ee\/","name":"La Pineta","description":"Restoran","publisher":{"@id":"https:\/\/test.lapineta.ee\/#organization"},"potentialAction":[{"@type":"SearchAction","target":{"@type":"EntryPoint","urlTemplate":"https:\/\/test.lapineta.ee\/?s={search_term_string}"},"query-input":{"@type":"PropertyValueSpecification","valueRequired":true,"valueName":"search_term_string"}}],"inLanguage":"en-US"},{"@type":"Organization","@id":"https:\/\/test.lapineta.ee\/#organization","name":"La Pineta","url":"https:\/\/test.lapineta.ee\/","logo":{"@type":"ImageObject","inLanguage":"en-US","@id":"https:\/\/test.lapineta.ee\/#\/schema\/logo\/image\/","url":"https:\/\/test.lapineta.ee\/wp-content\/uploads\/2022\/02\/logo_lapineta.png","contentUrl":"https:\/\/test.lapineta.ee\/wp-content\/uploads\/2022\/02\/logo_lapineta.png","width":427,"height":89,"caption":"La Pineta"},"image":{"@id":"https:\/\/test.lapineta.ee\/#\/schema\/logo\/image\/"}}]}},"_links":{"self":[{"href":"https:\/\/test.lapineta.ee\/en\/wp-json\/wp\/v2\/pages\/4431","targetHints":{"allow":["GET"]}}],"collection":[{"href":"https:\/\/test.lapineta.ee\/en\/wp-json\/wp\/v2\/pages"}],"about":[{"href":"https:\/\/test.lapineta.ee\/en\/wp-json\/wp\/v2\/types\/page"}],"author":[{"embeddable":true,"href":"https:\/\/test.lapineta.ee\/en\/wp-json\/wp\/v2\/users\/6"}],"replies":[{"embeddable":true,"href":"https:\/\/test.lapineta.ee\/en\/wp-json\/wp\/v2\/comments?post=4431"}],"version-history":[{"count":106,"href":"https:\/\/test.lapineta.ee\/en\/wp-json\/wp\/v2\/pages\/4431\/revisions"}],"predecessor-version":[{"id":6974,"href":"https:\/\/test.lapineta.ee\/en\/wp-json\/wp\/v2\/pages\/4431\/revisions\/6974"}],"wp:attachment":[{"href":"https:\/\/test.lapineta.ee\/en\/wp-json\/wp\/v2\/media?parent=4431"}],"curies":[{"name":"wp","href":"https:\/\/api.w.org\/{rel}","templated":true}]}}